{"id":17485,"date":"2023-04-18T14:04:22","date_gmt":"2023-04-18T18:04:22","guid":{"rendered":"https:\/\/www.artitalia.com\/?page_id=17485"},"modified":"2024-09-23T14:46:43","modified_gmt":"2024-09-23T18:46:43","slug":"customized-solutions","status":"publish","type":"page","link":"https:\/\/www.artitalia.com\/fr\/customized-solutions","title":{"rendered":"Solutions"},"content":{"rendered":"<p>Artitalia Group est un fournisseur de solutions innovantes qui propose des solutions personnalis\u00e9es pour r\u00e9pondre aux besoins et aux d\u00e9fis uniques de nos clients. Nous collaborons \u00e9troitement avec nos clients pour leur fournir des services de conseil, de conception, de d\u00e9veloppement, de mise en \u0153uvre et de soutien continu, afin de les aider \u00e0 atteindre leurs objectifs. Nous proposons une approche holistique de la r\u00e9solution des probl\u00e8mes et une gamme de services, comprenant l&#8217;int\u00e9gration de solutions technologiques, le d\u00e9veloppement de strat\u00e9gies marketing innovantes et la cr\u00e9ation d&#8217;exp\u00e9riences clients attrayantes. Notre \u00e9quipe de professionnels est \u00e9quip\u00e9e pour concevoir, produire et mettre en \u0153uvre des solutions sur mesure pour r\u00e9pondre aux besoins de nos clients.<\/p>","protected":false},"excerpt":{"rendered":"<p>Artitalia Group est un fournisseur de solutions innovantes qui propose des solutions personnalis\u00e9es pour r\u00e9pondre aux besoins et aux d\u00e9fis uniques de nos clients. Nous collaborons \u00e9troitement avec nos clients pour leur fournir des services de conseil, de conception, de d\u00e9veloppement, de mise en \u0153uvre et de soutien continu, afin de les aider \u00e0 atteindre [&hellip;]<\/p>\n","protected":false},"author":1,"featured_media":0,"parent":0,"menu_order":0,"comment_status":"closed","ping_status":"closed","template":"tpl.solutions.php","meta":{"content-type":""},"yst_prominent_words":[390,86,1058,1848,1300],"acf":[],"_links":{"self":[{"href":"https:\/\/www.artitalia.com\/fr\/wp-json\/wp\/v2\/pages\/17485"}],"collection":[{"href":"https:\/\/www.artitalia.com\/fr\/wp-json\/wp\/v2\/pages"}],"about":[{"href":"https:\/\/www.artitalia.com\/fr\/wp-json\/wp\/v2\/types\/page"}],"author":[{"embeddable":true,"href":"https:\/\/www.artitalia.com\/fr\/wp-json\/wp\/v2\/users\/1"}],"replies":[{"embeddable":true,"href":"https:\/\/www.artitalia.com\/fr\/wp-json\/wp\/v2\/comments?post=17485"}],"version-history":[{"count":114,"href":"https:\/\/www.artitalia.com\/fr\/wp-json\/wp\/v2\/pages\/17485\/revisions"}],"predecessor-version":[{"id":20442,"href":"https:\/\/www.artitalia.com\/fr\/wp-json\/wp\/v2\/pages\/17485\/revisions\/20442"}],"wp:attachment":[{"href":"https:\/\/www.artitalia.com\/fr\/wp-json\/wp\/v2\/media?parent=17485"}],"wp:term":[{"taxonomy":"yst_prominent_words","embeddable":true,"href":"https:\/\/www.artitalia.com\/fr\/wp-json\/wp\/v2\/yst_prominent_words?post=17485"}],"curies":[{"name":"wp","href":"https:\/\/api.w.org\/{rel}","templated":true}]}}