{"id":17542,"date":"2023-04-26T10:24:25","date_gmt":"2023-04-26T14:24:25","guid":{"rendered":"https:\/\/www.artitalia.com\/?page_id=17542"},"modified":"2025-02-17T12:27:43","modified_gmt":"2025-02-17T17:27:43","slug":"social-responsability-and-sustainability","status":"publish","type":"page","link":"https:\/\/www.artitalia.com\/fr\/social-responsability-and-sustainability","title":{"rendered":"Responsabilit\u00e9 Sociale et Durabilit\u00e9 Environnementale"},"content":{"rendered":"<p><\/p>\n<h2 style=\"text-align: left;\"><strong>Responsabilit\u00e9 Sociale<\/strong><\/h2>\n<h3 style=\"text-align: left;\"><strong>Initiatives Environnementales et Sociales d&#8217;Artitalia Group<\/strong><\/h3>\n<p style=\"text-align: justify;\">Artitalia Group a d\u00e9voil\u00e9 une s\u00e9rie d&#8217;initiatives environnementales et sociales qu&#8217;il partage avec les parties prenantes par le biais de bulletins d&#8217;informations r\u00e9guliers.<\/p>\n<p style=\"text-align: justify;\">Cependant, il convient de noter que l&#8217;entreprise n&#8217;adh\u00e8re pas actuellement aux &#8220;lignes directrices pour les rapports sur le d\u00e9veloppement durable&#8221; d\u00e9finies par la &#8220;Global Reporting Initiative&#8221; (GRI), mais divulgue chaque ann\u00e9e des informations sur ses performances environnementales et sociales par l&#8217;interm\u00e9diaire du CDP.<\/p>\n<h3 style=\"text-align: left;\"><strong>Syst\u00e8me de Gestion Environnementale<\/strong><\/h3>\n<p style=\"text-align: justify;\">Artitalia Group est fier d&#8217;annoncer qu&#8217;il surpasse toutes les directives et r\u00e9glementations environnementales aux niveaux municipal, provincial et f\u00e9d\u00e9ral. Notre engagement en faveur de la durabilit\u00e9 est \u00e9vident gr\u00e2ce \u00e0 nos programmes de recyclage complets, qui g\u00e8rent efficacement les d\u00e9chets de fabrication, les sous-produits et les d\u00e9chets de bureau recyclables. Cependant, il est important de noter que l&#8217;entreprise n&#8217;a pas encore enregistr\u00e9 de syst\u00e8me de gestion environnmentale conforme aux normes ISO 14001, EMAS ou BS7750.<\/p>\n<h2 style=\"text-align: left;\"><strong>Durabilit\u00e9 Environnementale<\/strong><\/h2>\n<p style=\"text-align: justify;\">Avec 40 ans d&#8217;exp\u00e9rience dans le secteur de la conception et de la fabrication sur mesure, nous sommes conscients que notre h\u00e9ritage va au-del\u00e0 des march\u00e9s que nous servons et des solutions que nous offrons \u00e0 nos clients. Nous croyons que notre succ\u00e8s est le r\u00e9sultat d&#8217;une \u00e9volution et d&#8217;une am\u00e9lioration constantes. Nous travaillons constamment \u00e0 optimiser nos ressources afin de nous nous am\u00e9liorer et d&#8217;\u00e9voluer vers quelque chose de meilleur. Dans le cadre de notre engagement mondial envers nos clients, nous r\u00e9\u00e9valuons constamment certains aspects de notre organisation. Nous cherchons non seulement \u00e0 am\u00e9liorer nos processus internes, mais la fa\u00e7on dont ces processus affectent notre vision strat\u00e9gique globale, les communaut\u00e9s que nous servons et en fin de compte, notre empreinte environnementale.<\/p>\n<p style=\"text-align: justify;\">Chez Artitalia Group, nous continuons \u00e0 faire des progr\u00e8s significatives qui vont au-del\u00e0 des mat\u00e9riaux que nous utilisons ou des produits que nous fabriquons. Nous nous engageons \u00e0 maintenir constamment la relation que nous avons entre notre communaut\u00e9, notre entreprise et l&#8217;environnement. Au cours des derni\u00e8res ann\u00e9es, nous avons fait des efforts pour maintenir une politique solide de sensibilisation environnementale de la communaut\u00e9 afin de minimiser les impacts environnementaux de nos op\u00e9rations de fabrication, notamment en ce qui concerne le changement climatique.<\/p>\n<h2 style=\"text-align: left;\"><strong>Rapport CDP<\/strong><\/h2>\n<p style=\"text-align: justify;\">Artitalia Group a obtenu des r\u00e9sultats sup\u00e9rieurs aux normes de l&#8217;industrie, rapport\u00e9s par CDP, en obtenant une note de &#8220;B&#8221;. Le CDP est une organisation internationale \u00e0 but non lucratif qui met en place un syst\u00e8me mondial de divulgation des impacts environnementaux, encourageant les entreprises \u00e0 favoriser la transparence tout en \u00e9valuant leurs performances par comparaison.<\/p>\n<p style=\"text-align: justify;\">Ce r\u00e9sultat est le produit d&#8217;un processus rigoureux qui a n\u00e9cessit\u00e9 la r\u00e9vision de tous les aspects des \u00e9missions de gaz \u00e0 effet de serre d&#8217;Artitalia Group. Il a \u00e9galement n\u00e9cessit\u00e9 la contribution des membres de l&#8217;\u00e9quipe d&#8217;Artitalia Group en Am\u00e9rique du Nord, ainsi que de nos fournisseurs et partenaires. Cette note d\u00e9montre notre engagement \u00e0 faire progresser la gestion environnmentale en prenant des mesures coordonn\u00e9es sur les questions climatiques.<\/p>\n<h2 style=\"text-align: left;\"><strong>EcoVadis<\/strong><\/h2>\n<p style=\"text-align: justify;\">Artitalia Group a obtenu une note de bronze de la part d&#8217;EcoVadis, ce qui nous place dans le premier 63 % des entreprises \u00e9valu\u00e9es. EcoVadis est une plateforme mondialement reconnue qui \u00e9value les entreprises sur leurs performances environnementales, sociales et de gouvernance (ESG). L&#8217;\u00e9valuation porte sur des domaines cl\u00e9s tels que le d\u00e9veloppement durable, l&#8217;approvisionnement \u00e9thique, les pratiques de travail et l&#8217;impact sur l&#8217;environnement.<\/p>\n<p style=\"text-align: justify;\">Cette reconnaissance renforce notre engagement \u00e0 respecter des normes \u00e9thiques et de d\u00e9veloppement durable rigoureuses, ce qui donne \u00e0 nos clients et \u00e0 nos partenaires confiance en nos pratiques commerciales responsables. Notre notation EcoVadis vous donne un avantage concurrentiel en vous aidant \u00e0 r\u00e9pondre aux exigences ESG de vos fournisseurs tout en vous alignant sur les cadres de d\u00e9veloppement durable internationalement reconnus. En travaillant avec nous, vous b\u00e9n\u00e9ficiez d&#8217;un partenaire de confiance qui donne la priorit\u00e9 \u00e0 l&#8217;approvisionnement \u00e9thique, \u00e0 la responsabilit\u00e9 environnementale et \u00e0 la croissance durable \u00e0 long terme.<\/p>\n<h2><img loading=\"lazy\" class=\"wp-image-17976 aligncenter\" src=\"https:\/\/www.artitalia.com\/wp-content\/uploads\/2023\/06\/Sustainable_F-1-1024x1024.png\" alt=\"\" width=\"489\" height=\"489\" srcset=\"https:\/\/www.artitalia.com\/wp-content\/uploads\/2023\/06\/Sustainable_F-1-1024x1024.png 1024w, https:\/\/www.artitalia.com\/wp-content\/uploads\/2023\/06\/Sustainable_F-1-600x600.png 600w, https:\/\/www.artitalia.com\/wp-content\/uploads\/2023\/06\/Sustainable_F-1-150x150.png 150w, https:\/\/www.artitalia.com\/wp-content\/uploads\/2023\/06\/Sustainable_F-1-768x768.png 768w, https:\/\/www.artitalia.com\/wp-content\/uploads\/2023\/06\/Sustainable_F-1-1536x1536.png 1536w, https:\/\/www.artitalia.com\/wp-content\/uploads\/2023\/06\/Sustainable_F-1-2048x2048.png 2048w, https:\/\/www.artitalia.com\/wp-content\/uploads\/2023\/06\/Sustainable_F-1-80x80.png 80w\" sizes=\"(max-width: 489px) 100vw, 489px\" \/><\/h2>\n<p><\/p>","protected":false},"excerpt":{"rendered":"<p>Responsabilit\u00e9 Sociale Initiatives Environnementales et Sociales d&#8217;Artitalia Group Artitalia Group a d\u00e9voil\u00e9 une s\u00e9rie d&#8217;initiatives environnementales et sociales qu&#8217;il partage avec les parties prenantes par le biais de bulletins d&#8217;informations r\u00e9guliers. Cependant, il convient de noter que l&#8217;entreprise n&#8217;adh\u00e8re pas actuellement aux &#8220;lignes directrices pour les rapports sur le d\u00e9veloppement durable&#8221; d\u00e9finies par la &#8220;Global [&hellip;]<\/p>\n","protected":false},"author":1,"featured_media":17545,"parent":0,"menu_order":0,"comment_status":"closed","ping_status":"closed","template":"tpl.sustainability.php","meta":{"content-type":""},"yst_prominent_words":[96,283,512,284,2084],"acf":[],"_links":{"self":[{"href":"https:\/\/www.artitalia.com\/fr\/wp-json\/wp\/v2\/pages\/17542"}],"collection":[{"href":"https:\/\/www.artitalia.com\/fr\/wp-json\/wp\/v2\/pages"}],"about":[{"href":"https:\/\/www.artitalia.com\/fr\/wp-json\/wp\/v2\/types\/page"}],"author":[{"embeddable":true,"href":"https:\/\/www.artitalia.com\/fr\/wp-json\/wp\/v2\/users\/1"}],"replies":[{"embeddable":true,"href":"https:\/\/www.artitalia.com\/fr\/wp-json\/wp\/v2\/comments?post=17542"}],"version-history":[{"count":55,"href":"https:\/\/www.artitalia.com\/fr\/wp-json\/wp\/v2\/pages\/17542\/revisions"}],"predecessor-version":[{"id":17973,"href":"https:\/\/www.artitalia.com\/fr\/wp-json\/wp\/v2\/pages\/17542\/revisions\/17973"}],"wp:featuredmedia":[{"embeddable":true,"href":"https:\/\/www.artitalia.com\/fr\/wp-json\/wp\/v2\/media\/17545"}],"wp:attachment":[{"href":"https:\/\/www.artitalia.com\/fr\/wp-json\/wp\/v2\/media?parent=17542"}],"wp:term":[{"taxonomy":"yst_prominent_words","embeddable":true,"href":"https:\/\/www.artitalia.com\/fr\/wp-json\/wp\/v2\/yst_prominent_words?post=17542"}],"curies":[{"name":"wp","href":"https:\/\/api.w.org\/{rel}","templated":true}]}}