{"id":3603,"date":"2018-04-23T11:06:48","date_gmt":"2018-04-23T15:06:48","guid":{"rendered":"http:\/\/www.artitalia.ca\/jobs"},"modified":"2024-11-08T15:15:33","modified_gmt":"2024-11-08T20:15:33","slug":"jobs-careers","status":"publish","type":"page","link":"https:\/\/www.artitalia.com\/fr\/jobs-careers","title":{"rendered":"Emploi et Carri\u00e8res"},"content":{"rendered":"<p><\/p>\n<h5><span style=\"color: #ffffff;\">.<\/span><\/h5>\n<h5 style=\"text-align: left;\">Chez Artitalia Group, nous sommes toujours \u00e0 la recherche de personnes talentueuses, motiv\u00e9es et innovantes pour rejoindre notre \u00e9quipe en pleine croissance. Qu&#8217;il s&#8217;agisse de postes au si\u00e8ge social ou dans notre usine de fabrication, nous sommes certains d&#8217;avoir la bonne place pour quiconque cherche \u00e0 faire avancer sa carri\u00e8re.<\/h5>\n<h5 style=\"text-align: left;\">Gr\u00e2ce \u00e0 la formation en continu, aux programmes de mentorat et \u00e0 l&#8217;offre de conseils et de possibilit\u00e9s d&#8217;avancement, les possibilit\u00e9s sont infinies chez Artitalia Group!<\/h5>\n<h5 style=\"text-align: left;\">Consultez notre liste compl\u00e8te d&#8217;emplois ci-dessous et contactez-nous pour en savoir plus sur le travail au sein d&#8217;Artitalia Group!<\/h5>\n<div class=\"job_listings\" data-location=\"\" data-keywords=\"\" data-show_filters=\"true\" data-show_pagination=\"false\" data-per_page=\"10\" data-orderby=\"featured\" data-order=\"DESC\" data-categories=\"\" data-disable-form-state-storage=\"\" data-post_id=\"3603\" >\n<form class=\"job_filters\">\n\t\n\t<div class=\"search_jobs\">\n\t\t\n\t\t<div class=\"search_keywords\">\n\t\t\t<label for=\"search_keywords\">Mots cl\u00e9s<\/label>\n\t\t\t<input type=\"text\" name=\"search_keywords\" id=\"search_keywords\" placeholder=\"Mots cl\u00e9s\" value=\"\" \/>\n\t\t<\/div>\n\n\t\t<div class=\"search_location\">\n\t\t\t<label for=\"search_location\">Emplacement<\/label>\n\t\t\t<input type=\"text\" name=\"search_location\" id=\"search_location\" placeholder=\"Emplacement\" value=\"\" \/>\n\t\t<\/div>\n\n\t\t<div style=\"clear: both\"><\/div>\n\n\t\t\n\t\t\t\t\t<div class=\"search_submit\">\n\t\t\t\t<input type=\"submit\" value=\"Rechercher des positions\">\n\t\t\t<\/div>\n\t\t\n\t\t\t<\/div>\n\n\t\t<ul class=\"job_types\">\n\t\t\t\t\t<li><label for=\"job_type_accounting\" class=\"comptabilite\"><input type=\"checkbox\" name=\"filter_job_type[]\" value=\"accounting\"  checked='checked' id=\"job_type_accounting\" \/> Comptabilit\u00e9<\/label><\/li>\n\t\t\t\t\t<li><label for=\"job_type_design\" class=\"design\"><input type=\"checkbox\" name=\"filter_job_type[]\" value=\"design\"  checked='checked' id=\"job_type_design\" \/> Design<\/label><\/li>\n\t\t\t\t\t<li><label for=\"job_type_estimation\" class=\"estimation\"><input type=\"checkbox\" name=\"filter_job_type[]\" value=\"estimation\"  checked='checked' id=\"job_type_estimation\" \/> Estimation<\/label><\/li>\n\t\t\t\t\t<li><label for=\"job_type_human-resources\" class=\"ressources-humaines\"><input type=\"checkbox\" name=\"filter_job_type[]\" value=\"human-resources\"  checked='checked' id=\"job_type_human-resources\" \/> Ressources Humaines<\/label><\/li>\n\t\t\t\t\t<li><label for=\"job_type_management\" class=\"gestion\"><input type=\"checkbox\" name=\"filter_job_type[]\" value=\"management\"  checked='checked' id=\"job_type_management\" \/> Gestion<\/label><\/li>\n\t\t\t\t\t<li><label for=\"job_type_purchasing\" class=\"achats\"><input type=\"checkbox\" name=\"filter_job_type[]\" value=\"purchasing\"  checked='checked' id=\"job_type_purchasing\" \/> Achats<\/label><\/li>\n\t\t\t\t\t<li><label for=\"job_type_sales-marketing\" class=\"ventes-marketing\"><input type=\"checkbox\" name=\"filter_job_type[]\" value=\"sales-marketing\"  checked='checked' id=\"job_type_sales-marketing\" \/> Ventes &amp; Marketing<\/label><\/li>\n\t\t\t\t\t<li><label for=\"job_type_engineering\" class=\"engineering\"><input type=\"checkbox\" name=\"filter_job_type[]\" value=\"engineering\"  checked='checked' id=\"job_type_engineering\" \/> Ing\u00e9nierie<\/label><\/li>\n\t\t\t\t\t<li><label for=\"job_type_information-technology\" class=\"information-technology\"><input type=\"checkbox\" name=\"filter_job_type[]\" value=\"information-technology\"  checked='checked' id=\"job_type_information-technology\" \/> Informatique<\/label><\/li>\n\t\t\t\t\t<li><label for=\"job_type_logistics\" class=\"logistics\"><input type=\"checkbox\" name=\"filter_job_type[]\" value=\"logistics\"  checked='checked' id=\"job_type_logistics\" \/> Logistiques<\/label><\/li>\n\t\t\t\t\t<li><label for=\"job_type_plant-positions\" class=\"plant-positions\"><input type=\"checkbox\" name=\"filter_job_type[]\" value=\"plant-positions\"  checked='checked' id=\"job_type_plant-positions\" \/> Postes d\u2019usine<\/label><\/li>\n\t\t\t\t\t<li><label for=\"job_type_production\" class=\"production\"><input type=\"checkbox\" name=\"filter_job_type[]\" value=\"production\"  checked='checked' id=\"job_type_production\" \/> Production<\/label><\/li>\n\t\t\t\t\t<li><label for=\"job_type_project-management\" class=\"project-management\"><input type=\"checkbox\" name=\"filter_job_type[]\" value=\"project-management\"  checked='checked' id=\"job_type_project-management\" \/> Gestion de projet<\/label><\/li>\n\t\t\t<\/ul>\n\t<input type=\"hidden\" name=\"filter_job_type[]\" value=\"\" \/>\n<div class=\"showing_jobs\"><\/div><\/form>\n\n\n<noscript>Your browser does not support JavaScript, or it is disabled. JavaScript must be enabled in order to view listings.<\/noscript>\n<ul class=\"job_listings\">\n<\/ul>\n<a class=\"load_more_jobs\" href=\"#\" style=\"display:none;\"><strong>Load more listings<\/strong><\/a><\/div>\n<p><div id=\"careers-popup-parent\" class=\"popup-parent\">\n    <p>\n        Nous sommes toujours \u00e0 la recherche de nouveaux talents. Rejoignez notre \u00e9quipe ! N'oubliez pas de soumettre votre CV.    <\/p>\n    <p class=\"text-center\">\n        <a href=\"#\" class=\"open-popup careers-popup-btn\">Postulez maintenant<\/a>\n    <\/p>\n    <div class=\"popup\" id=\"careers-popup\">\n        <div class=\"popup-content\">\n            <button class=\"secondary_color_button close-btn\">&times;<\/button>\n            <div class=\"popup-content-main\">\n                <div class=\"popup-content-item\">\n                    <div class=\"popup-content-item-title\">\n                        Nous vous invitons \u00e0 soumettre votre CV \u00e0 notre \u00e9quipe de ressources humaines pour consid\u00e9ration.                    <\/div>\n                    <div class=\"popup-content-item-description\">\n                        <div role=\"form\" class=\"wpcf7\" id=\"wpcf7-f19867-o2\" lang=\"en-US\" dir=\"ltr\">\n<div class=\"screen-reader-response\"><p role=\"status\" aria-live=\"polite\" aria-atomic=\"true\"><\/p> <ul><\/ul><\/div>\n<form action=\"\/fr\/wp-json\/wp\/v2\/pages\/3603#wpcf7-f19867-o2\" method=\"post\" class=\"wpcf7-form init careers-popup-form-fr\" enctype=\"multipart\/form-data\" novalidate=\"novalidate\" data-status=\"init\" id=\"careers-popup-form-fr\">\n<div style=\"display: none;\">\n<input type=\"hidden\" name=\"_wpcf7\" value=\"19867\" \/>\n<input type=\"hidden\" name=\"_wpcf7_version\" value=\"5.5.2\" \/>\n<input type=\"hidden\" name=\"_wpcf7_locale\" value=\"en_US\" \/>\n<input type=\"hidden\" name=\"_wpcf7_unit_tag\" value=\"wpcf7-f19867-o2\" \/>\n<input type=\"hidden\" name=\"_wpcf7_container_post\" value=\"0\" \/>\n<input type=\"hidden\" name=\"_wpcf7_posted_data_hash\" value=\"\" \/>\n<input type=\"hidden\" name=\"_wpcf7cf_hidden_group_fields\" value=\"\" \/>\n<input type=\"hidden\" name=\"_wpcf7cf_hidden_groups\" value=\"\" \/>\n<input type=\"hidden\" name=\"_wpcf7cf_visible_groups\" value=\"\" \/>\n<input type=\"hidden\" name=\"_wpcf7cf_repeaters\" value=\"[]\" \/>\n<input type=\"hidden\" name=\"_wpcf7cf_steps\" value=\"{}\" \/>\n<input type=\"hidden\" name=\"_wpcf7cf_options\" value=\"{&quot;form_id&quot;:19867,&quot;conditions&quot;:[],&quot;settings&quot;:{&quot;animation&quot;:&quot;yes&quot;,&quot;animation_intime&quot;:200,&quot;animation_outtime&quot;:200,&quot;conditions_ui&quot;:&quot;normal&quot;,&quot;notice_dismissed&quot;:false}}\" \/>\n<input type=\"hidden\" name=\"_wpcf7_recaptcha_response\" value=\"\" \/>\n<\/div>\n<div class=\"mc-field-group\">\n<span class=\"wpcf7-form-control-wrap job-title\"><input type=\"text\" name=\"job-title\" value=\"\" size=\"40\" class=\"wpcf7-form-control wpcf7-text wpcf7-validates-as-required\" aria-required=\"true\" aria-invalid=\"false\" placeholder=\"Titre du Poste*\" \/><\/span>\n<\/div>\n<div class=\"mc-field-group\">\n<span class=\"wpcf7-form-control-wrap your-name\"><input type=\"text\" name=\"your-name\" value=\"\" size=\"40\" class=\"wpcf7-form-control wpcf7-text wpcf7-validates-as-required\" aria-required=\"true\" aria-invalid=\"false\" placeholder=\"Nom*\" \/><\/span>\n<\/div>\n<div class=\"mc-field-group\">\n<span class=\"wpcf7-form-control-wrap email-address\"><input type=\"email\" name=\"email-address\" value=\"\" size=\"40\" class=\"wpcf7-form-control wpcf7-text wpcf7-email wpcf7-validates-as-required wpcf7-validates-as-email\" aria-required=\"true\" aria-invalid=\"false\" placeholder=\"Adresse Courriel*\" \/><\/span>\n<\/div>\n<div class=\"mc-field-group\">\n<span class=\"wpcf7-form-control-wrap phone-number\"><input type=\"tel\" name=\"phone-number\" value=\"\" size=\"40\" class=\"wpcf7-form-control wpcf7-text wpcf7-tel wpcf7-validates-as-required wpcf7-validates-as-tel\" aria-required=\"true\" aria-invalid=\"false\" placeholder=\"Num\u00e9ro de T\u00e9l\u00e9phone*\" \/><\/span>\n<\/div>\n<div class=\"mc-field-group cv-container\">\n<label for=\"cv\">T\u00e9l\u00e9chargez votre CV<\/label><br \/>\n<input type=\"button\" class=\"pseudo-file-button\" onclick=\"document.getElementById('cv').click()\" value=\"Choisir un fichier\" \/><span class=\"wpcf7-form-control-wrap cv\"><input type=\"file\" name=\"cv\" size=\"40\" class=\"wpcf7-form-control wpcf7-file wpcf7-validates-as-required\" id=\"cv\" accept=\".pdf,.doc\" aria-required=\"true\" aria-invalid=\"false\" \/><\/span>\n<\/div>\n<div class=\"mc-field-group message-container\">\n<span class=\"wpcf7-form-control-wrap message\"><textarea name=\"message\" cols=\"40\" rows=\"10\" class=\"wpcf7-form-control wpcf7-textarea\" id=\"message\" aria-invalid=\"false\" placeholder=\"Message\"><\/textarea><\/span>\n<\/div>\n<div class=\"submit-container\"><input type=\"submit\" value=\"Envoyer la Demande\" class=\"wpcf7-form-control has-spinner wpcf7-submit\" \/><\/div>\n<div class=\"wpcf7-response-output\" aria-hidden=\"true\"><\/div><\/form><\/div>                    <\/div>\n                <\/div>\n            <\/div>\n        <\/div>\n    <\/div>\n<\/div><\/p>","protected":false},"excerpt":{"rendered":"<p>. Chez Artitalia Group, nous sommes toujours \u00e0 la recherche de personnes talentueuses, motiv\u00e9es et innovantes pour rejoindre notre \u00e9quipe en pleine croissance. Qu&#8217;il s&#8217;agisse de postes au si\u00e8ge social ou dans notre usine de fabrication, nous sommes certains d&#8217;avoir la bonne place pour quiconque cherche \u00e0 faire avancer sa carri\u00e8re. Gr\u00e2ce \u00e0 la formation [&hellip;]<\/p>\n","protected":false},"author":1,"featured_media":3877,"parent":0,"menu_order":0,"comment_status":"closed","ping_status":"closed","template":"tpl.jobs.php","meta":{"content-type":""},"yst_prominent_words":[96,283,284,89],"acf":[],"_links":{"self":[{"href":"https:\/\/www.artitalia.com\/fr\/wp-json\/wp\/v2\/pages\/3603"}],"collection":[{"href":"https:\/\/www.artitalia.com\/fr\/wp-json\/wp\/v2\/pages"}],"about":[{"href":"https:\/\/www.artitalia.com\/fr\/wp-json\/wp\/v2\/types\/page"}],"author":[{"embeddable":true,"href":"https:\/\/www.artitalia.com\/fr\/wp-json\/wp\/v2\/users\/1"}],"replies":[{"embeddable":true,"href":"https:\/\/www.artitalia.com\/fr\/wp-json\/wp\/v2\/comments?post=3603"}],"version-history":[{"count":5,"href":"https:\/\/www.artitalia.com\/fr\/wp-json\/wp\/v2\/pages\/3603\/revisions"}],"predecessor-version":[{"id":19866,"href":"https:\/\/www.artitalia.com\/fr\/wp-json\/wp\/v2\/pages\/3603\/revisions\/19866"}],"wp:featuredmedia":[{"embeddable":true,"href":"https:\/\/www.artitalia.com\/fr\/wp-json\/wp\/v2\/media\/3877"}],"wp:attachment":[{"href":"https:\/\/www.artitalia.com\/fr\/wp-json\/wp\/v2\/media?parent=3603"}],"wp:term":[{"taxonomy":"yst_prominent_words","embeddable":true,"href":"https:\/\/www.artitalia.com\/fr\/wp-json\/wp\/v2\/yst_prominent_words?post=3603"}],"curies":[{"name":"wp","href":"https:\/\/api.w.org\/{rel}","templated":true}]}}