{"id":39,"date":"2015-09-14T11:21:49","date_gmt":"2015-09-14T15:21:49","guid":{"rendered":"http:\/\/www.artitalia.ca\/?page_id=39"},"modified":"2022-01-25T15:25:58","modified_gmt":"2022-01-25T20:25:58","slug":"blog-categories","status":"publish","type":"page","link":"https:\/\/www.artitalia.com\/fr\/retail-fixtures\/blog-categories","title":{"rendered":"Blog"},"content":{"rendered":"<p class=\"qtranxs-available-languages-message qtranxs-available-languages-message-fr\">D\u00e9sol\u00e9, cet article est seulement disponible en <a href=\"https:\/\/www.artitalia.com\/en\/wp-json\/wp\/v2\/pages\/39\" class=\"qtranxs-available-language-link qtranxs-available-language-link-en\" title=\"EN\">Anglais Am\u00e9ricain<\/a>.<\/p>","protected":false},"excerpt":{"rendered":"<p>D\u00e9sol\u00e9, cet article est seulement disponible en Anglais Am\u00e9ricain.<\/p>\n","protected":false},"author":1,"featured_media":0,"parent":3131,"menu_order":0,"comment_status":"closed","ping_status":"closed","template":"tpl.blog.php","meta":{"content-type":""},"yst_prominent_words":[],"acf":[],"_links":{"self":[{"href":"https:\/\/www.artitalia.com\/fr\/wp-json\/wp\/v2\/pages\/39"}],"collection":[{"href":"https:\/\/www.artitalia.com\/fr\/wp-json\/wp\/v2\/pages"}],"about":[{"href":"https:\/\/www.artitalia.com\/fr\/wp-json\/wp\/v2\/types\/page"}],"author":[{"embeddable":true,"href":"https:\/\/www.artitalia.com\/fr\/wp-json\/wp\/v2\/users\/1"}],"replies":[{"embeddable":true,"href":"https:\/\/www.artitalia.com\/fr\/wp-json\/wp\/v2\/comments?post=39"}],"version-history":[{"count":2,"href":"https:\/\/www.artitalia.com\/fr\/wp-json\/wp\/v2\/pages\/39\/revisions"}],"predecessor-version":[{"id":15413,"href":"https:\/\/www.artitalia.com\/fr\/wp-json\/wp\/v2\/pages\/39\/revisions\/15413"}],"up":[{"embeddable":true,"href":"https:\/\/www.artitalia.com\/fr\/wp-json\/wp\/v2\/pages\/3131"}],"wp:attachment":[{"href":"https:\/\/www.artitalia.com\/fr\/wp-json\/wp\/v2\/media?parent=39"}],"wp:term":[{"taxonomy":"yst_prominent_words","embeddable":true,"href":"https:\/\/www.artitalia.com\/fr\/wp-json\/wp\/v2\/yst_prominent_words?post=39"}],"curies":[{"name":"wp","href":"https:\/\/api.w.org\/{rel}","templated":true}]}}